{"id":69,"date":"2018-10-16T20:19:39","date_gmt":"2018-10-16T18:19:39","guid":{"rendered":"https:\/\/wilson-appartement.com\/uk\/?page_id=69"},"modified":"2026-02-04T16:33:27","modified_gmt":"2026-02-04T15:33:27","slug":"booking-toulouse-furnished-apartment","status":"publish","type":"page","link":"https:\/\/wilson-appartement.com\/uk\/booking-toulouse-furnished-apartment\/","title":{"rendered":"Booking Toulouse furnished apartment"},"content":{"rendered":"<p>[et_pb_section fb_built=&#8221;1&#8243; admin_label=&#8221;Header&#8221; _builder_version=&#8221;4.16&#8243; use_background_color_gradient=&#8221;on&#8221; background_color_gradient_type=&#8221;circular&#8221; background_color_gradient_direction_radial=&#8221;top left&#8221; background_color_gradient_stops=&#8221;rgba(255,255,255,0.89) 30%|rgba(255,255,255,0) 80%&#8221; background_color_gradient_overlays_image=&#8221;on&#8221; background_color_gradient_start=&#8221;rgba(255,255,255,0.89)&#8221; background_color_gradient_start_position=&#8221;30%&#8221; background_color_gradient_end=&#8221;rgba(255,255,255,0)&#8221; background_color_gradient_end_position=&#8221;80%&#8221; background_image=&#8221;https:\/\/wilson-appartement.com\/uk\/wp-content\/uploads\/sites\/2\/2018\/10\/IMGP2323.jpg&#8221; custom_padding=&#8221;12vw|0px||0px|false|false&#8221; global_colors_info=&#8221;{}&#8221;][et_pb_row _builder_version=&#8221;4.16&#8243; global_colors_info=&#8221;{}&#8221;][et_pb_column type=&#8221;4_4&#8243; _builder_version=&#8221;4.16&#8243; custom_padding=&#8221;|||&#8221; global_colors_info=&#8221;{}&#8221; custom_padding__hover=&#8221;|||&#8221;][et_pb_text _builder_version=&#8221;4.16&#8243; header_font=&#8221;Raleway|700|||||||&#8221; header_font_size=&#8221;80px&#8221; header_line_height=&#8221;1.2em&#8221; header_5_font=&#8221;Raleway|700||on|||||&#8221; header_5_text_color=&#8221;#000000&#8243; header_5_font_size=&#8221;20px&#8221; header_5_letter_spacing=&#8221;0.5em&#8221; header_5_line_height=&#8221;1.8em&#8221; animation_style=&#8221;zoom&#8221; animation_intensity_zoom=&#8221;5%&#8221; header_font_size_tablet=&#8221;48px&#8221; header_font_size_phone=&#8221;32px&#8221; header_font_size_last_edited=&#8221;on|phone&#8221; header_5_font_size_tablet=&#8221;14px&#8221; header_5_font_size_phone=&#8221;12px&#8221; header_5_font_size_last_edited=&#8221;on|desktop&#8221; global_colors_info=&#8221;{}&#8221;]<\/p>\n<h5>Booking<\/h5>\n<h1>Wilson Apartment<\/h1>\n<h5><a title=\" &gt; ENGLISH VERSION\" href=\"https:\/\/wilson-appartement.com\/uk\/\"><a href=\"https:\/\/wilson-appartement.com\/\" title=\" > VERSION FRAN\u00c7AISE\"><img decoding=\"async\" src=\"https:\/\/wilson-appartement.com\/uk\/wp-content\/plugins\/multisite-language-switcher\/assets\/flags\/fr.png\" alt=\"fr_FR\"\/><\/a><\/a><\/h5>\n<p>[\/et_pb_text][\/et_pb_column][\/et_pb_row][et_pb_row column_structure=&#8221;1_2,1_2&#8243; use_custom_gutter=&#8221;on&#8221; make_equal=&#8221;on&#8221; custom_padding_last_edited=&#8221;on|desktop&#8221; _builder_version=&#8221;4.16&#8243; background_color=&#8221;#ffffff&#8221; width=&#8221;90%&#8221; max_width=&#8221;90%&#8221; module_alignment=&#8221;left&#8221; custom_margin=&#8221;8vw||||false&#8221; custom_padding=&#8221;0|10vw|0px|22vw|false|false&#8221; custom_padding_tablet=&#8221;|||10vw&#8221; custom_padding_phone=&#8221;&#8221; animation_style=&#8221;slide&#8221; animation_direction=&#8221;left&#8221; animation_intensity_slide=&#8221;5%&#8221; use_custom_width=&#8221;on&#8221; width_unit=&#8221;off&#8221; custom_width_percent=&#8221;90%&#8221; locked=&#8221;off&#8221; global_colors_info=&#8221;{}&#8221;][et_pb_column type=&#8221;1_2&#8243; _builder_version=&#8221;4.16&#8243; custom_padding=&#8221;74px|||&#8221; custom_padding_tablet=&#8221;40px|||&#8221; custom_padding_phone=&#8221;20px|||&#8221; custom_padding_last_edited=&#8221;off|desktop&#8221; global_colors_info=&#8221;{}&#8221; custom_padding__hover=&#8221;|||&#8221;][et_pb_blurb title=&#8221;info@wilson-appartement.com&#8221; use_icon=&#8221;on&#8221; font_icon=&#8221;&#xe076;||divi||400&#8243; icon_color=&#8221;#c3cfd6&#8243; icon_placement=&#8221;left&#8221; image_icon_width=&#8221;24px&#8221; _builder_version=&#8221;4.16&#8243; header_level=&#8221;h5&#8243; header_font=&#8221;Raleway|700|||||||&#8221; header_line_height=&#8221;1.4em&#8221; icon_font_size=&#8221;24px&#8221; global_colors_info=&#8221;{}&#8221;][\/et_pb_blurb][\/et_pb_column][et_pb_column type=&#8221;1_2&#8243; _builder_version=&#8221;4.16&#8243; custom_padding=&#8221;74px|||&#8221; custom_padding_tablet=&#8221;40px|||&#8221; custom_padding_phone=&#8221;20px|||&#8221; custom_padding_last_edited=&#8221;off|desktop&#8221; global_colors_info=&#8221;{}&#8221; custom_padding__hover=&#8221;|||&#8221;][et_pb_blurb title=&#8221;15, Wilson Square 31000 Toulouse&#8221; use_icon=&#8221;on&#8221; font_icon=&#8221;&#xe081;||divi||400&#8243; icon_color=&#8221;#c3cfd6&#8243; icon_placement=&#8221;left&#8221; image_icon_width=&#8221;24px&#8221; _builder_version=&#8221;4.16&#8243; header_level=&#8221;h5&#8243; header_font=&#8221;Raleway|700|||||||&#8221; header_line_height=&#8221;1.4em&#8221; icon_font_size=&#8221;24px&#8221; global_colors_info=&#8221;{}&#8221;][\/et_pb_blurb][\/et_pb_column][\/et_pb_row][\/et_pb_section][et_pb_section fb_built=&#8221;1&#8243; admin_label=&#8221;Contact Info&#8221; _builder_version=&#8221;4.16&#8243; background_color=&#8221;#ffffff&#8221; max_width=&#8221;90%&#8221; max_width_tablet=&#8221;&#8221; max_width_phone=&#8221;100%&#8221; max_width_last_edited=&#8221;on|phone&#8221; custom_margin=&#8221;-80px|||&#8221; border_color_all=&#8221;#ffffff&#8221; border_width_left=&#8221;10vw&#8221; global_colors_info=&#8221;{}&#8221;][et_pb_row _builder_version=&#8221;4.16&#8243; custom_width_px=&#8221;800px&#8221; global_colors_info=&#8221;{}&#8221;][et_pb_column type=&#8221;4_4&#8243; _builder_version=&#8221;4.16&#8243; custom_padding=&#8221;|||&#8221; global_colors_info=&#8221;{}&#8221; custom_padding__hover=&#8221;|||&#8221;][et_pb_contact_form use_spam_service=&#8221;on&#8221; recaptcha_list=&#8221;Wilson V3|Wilson V3-0&#8243; recaptcha_min_score=&#8221;0.7&#8243; email=&#8221;info@wilson-appartement.com&#8221; success_message=&#8221;Nous vous remercions pour votre envoi. Nous vous r\u00e9pondrons dans les meilleurs d\u00e9lais. A tr\u00e8s vite. Philippe &#038; St\u00e9phanie&#8221; disabled_on=&#8221;off|off|off&#8221; module_id=&#8221;et_pb_contact_form_0&#8243; _builder_version=&#8221;4.16&#8243; _unique_id=&#8221;61d44c32-5d1c-48a4-8523-61b88588d3df&#8221; form_field_background_color=&#8221;#ffffff&#8221; title_level=&#8221;h2&#8243; title_font=&#8221;Raleway|700|||||||&#8221; title_font_size=&#8221;50px&#8221; title_line_height=&#8221;1.8em&#8221; form_field_line_height=&#8221;2em&#8221; custom_button=&#8221;on&#8221; button_text_size=&#8221;16px&#8221; button_text_color=&#8221;#8f8f8f&#8221; button_bg_color=&#8221;#ffffff&#8221; button_border_width=&#8221;1px&#8221; button_border_color=&#8221;#b3b3b3&#8243; button_border_radius=&#8221;0px&#8221; button_font=&#8221;Raleway|700|||||||&#8221; vertical_offset_tablet=&#8221;0&#8243; horizontal_offset_tablet=&#8221;0&#8243; title_font_size_tablet=&#8221;35px&#8221; title_font_size_phone=&#8221;25px&#8221; title_font_size_last_edited=&#8221;on|desktop&#8221; z_index_tablet=&#8221;0&#8243; border_width_all=&#8221;1px&#8221; border_color_all=&#8221;#c2c2c2&#8243; form_background_color=&#8221;#f5f5f5&#8243; global_colors_info=&#8221;{}&#8221;][et_pb_contact_field field_id=&#8221;Name&#8221; field_title=&#8221;Name&#8221; _builder_version=&#8221;4.16&#8243; global_colors_info=&#8221;{}&#8221;][\/et_pb_contact_field][et_pb_contact_field field_id=&#8221;Email&#8221; field_title=&#8221;Email Address&#8221; field_type=&#8221;email&#8221; _builder_version=&#8221;4.16&#8243; global_colors_info=&#8221;{}&#8221;][\/et_pb_contact_field][et_pb_contact_field field_id=&#8221;Date_arriv\u00e9e_2&#8243; field_title=&#8221;Stay from&#8230;&#8221; _builder_version=&#8221;4.16&#8243; global_colors_info=&#8221;{}&#8221;][\/et_pb_contact_field][et_pb_contact_field field_id=&#8221;Date_fin&#8221; field_title=&#8221;To &#8230;&#8221; _builder_version=&#8221;4.16&#8243; global_colors_info=&#8221;{}&#8221;][\/et_pb_contact_field][et_pb_contact_field field_id=&#8221;Message&#8221; field_title=&#8221;Message&#8221; field_type=&#8221;text&#8221; fullwidth_field=&#8221;on&#8221; _builder_version=&#8221;4.16&#8243; global_colors_info=&#8221;{}&#8221;][\/et_pb_contact_field][\/et_pb_contact_form][\/et_pb_column][\/et_pb_row][\/et_pb_section]<\/p>\n","protected":false},"excerpt":{"rendered":"<p>Booking Wilson Apartment <a href=\"https:\/\/wilson-appartement.com\/\" title=\" > VERSION FRAN\u00c7AISE\"><img decoding=\"async\" src=\"https:\/\/wilson-appartement.com\/uk\/wp-content\/plugins\/multisite-language-switcher\/assets\/flags\/fr.png\" alt=\"fr_FR\"\/><\/a><\/p>\n","protected":false},"author":1,"featured_media":0,"parent":0,"menu_order":0,"comment_status":"closed","ping_status":"closed","template":"","meta":{"_et_pb_use_builder":"on","_et_pb_old_content":"","_et_gb_content_width":"","footnotes":""},"class_list":["post-69","page","type-page","status-publish","hentry"],"_links":{"self":[{"href":"https:\/\/wilson-appartement.com\/uk\/wp-json\/wp\/v2\/pages\/69","targetHints":{"allow":["GET"]}}],"collection":[{"href":"https:\/\/wilson-appartement.com\/uk\/wp-json\/wp\/v2\/pages"}],"about":[{"href":"https:\/\/wilson-appartement.com\/uk\/wp-json\/wp\/v2\/types\/page"}],"author":[{"embeddable":true,"href":"https:\/\/wilson-appartement.com\/uk\/wp-json\/wp\/v2\/users\/1"}],"replies":[{"embeddable":true,"href":"https:\/\/wilson-appartement.com\/uk\/wp-json\/wp\/v2\/comments?post=69"}],"version-history":[{"count":0,"href":"https:\/\/wilson-appartement.com\/uk\/wp-json\/wp\/v2\/pages\/69\/revisions"}],"wp:attachment":[{"href":"https:\/\/wilson-appartement.com\/uk\/wp-json\/wp\/v2\/media?parent=69"}],"curies":[{"name":"wp","href":"https:\/\/api.w.org\/{rel}","templated":true}]}}